{"id":8,"date":"2017-05-18T09:06:28","date_gmt":"2017-05-18T06:06:28","guid":{"rendered":"http:\/\/www.fabrikaambalaj.com\/tr\/?page_id=8"},"modified":"2017-07-04T20:08:57","modified_gmt":"2017-07-04T17:08:57","slug":"hakkimizda","status":"publish","type":"page","link":"http:\/\/www.fabrikaambalaj.com\/tr\/hakkimizda","title":{"rendered":"Hakk\u0131m\u0131zda"},"content":{"rendered":"<p>1987 y\u0131l\u0131nda \u0130stanbul \u00c7emberlita\u015f\u2019ta ba\u015flayan Karton Ambalaj ve Matbaa hizmetleri ser\u00fcvenimizdeki ge\u00e7en y\u0131llar\u0131m\u0131zda T\u00fcrkiye\u2019nin ilk 500 b\u00fcy\u00fck kurumsal firmas\u0131na ve T\u00fcrkiye\u2019de bulunan uluslararas\u0131 yabanc\u0131 \u015firketlerin neredeyse hepsine Tasar\u0131m ve \u00fcretim hizmetleri vermi\u015f bulunuyoruz. 2008 y\u0131l\u0131ndan itibaren yapm\u0131\u015f oldu\u011fumuz \u00fcr\u00fcn tasar\u0131mlar\u0131 ve bulu\u015flar\u0131m\u0131z\u0131 T\u00fcrkiye Patent enstit\u00fcs\u00fc\u2019ne ve noter kanal\u0131 ile tescil ettirmekte ve uluslararas\u0131 patent ba\u015fvurular\u0131 yapmaktay\u0131z. Tescilli ve hali haz\u0131rda patent ve faydal\u0131 model ba\u015fvurusu yap\u0131lmay\u0131 bekleyen 60 dan fazla i\u015flevsel \u00fcr\u00fcn tasar\u0131m\u0131m\u0131z mevcuttur.<\/p>\n<p><strong>Siz hayal edin, biz onu ger\u00e7ek yapar\u0131z&#8230;<\/strong><\/p>\n","protected":false},"excerpt":{"rendered":"<p>1987 y\u0131l\u0131nda \u0130stanbul \u00c7emberlita\u015f\u2019ta ba\u015flayan Karton Ambalaj ve Matbaa hizmetleri ser\u00fcvenimizdeki ge\u00e7en y\u0131llar\u0131m\u0131zda T\u00fcrkiye\u2019nin ilk 500 b\u00fcy\u00fck kurumsal firmas\u0131na ve T\u00fcrkiye\u2019de bulunan uluslararas\u0131 yabanc\u0131 \u015firketlerin neredeyse hepsine Tasar\u0131m ve \u00fcretim hizmetleri vermi\u015f bulunuyoruz. 2008 y\u0131l\u0131ndan itibaren yapm\u0131\u015f oldu\u011fumuz \u00fcr\u00fcn tasar\u0131mlar\u0131 ve bulu\u015flar\u0131m\u0131z\u0131 T\u00fcrkiye Patent enstit\u00fcs\u00fc\u2019ne ve noter kanal\u0131 ile tescil ettirmekte ve uluslararas\u0131 patent ba\u015fvurular\u0131 [&hellip;]<\/p>\n","protected":false},"author":1,"featured_media":0,"parent":0,"menu_order":0,"comment_status":"closed","ping_status":"closed","template":"","meta":{"footnotes":""},"class_list":["post-8","page","type-page","status-publish","hentry"],"_links":{"self":[{"href":"http:\/\/www.fabrikaambalaj.com\/tr\/wp-json\/wp\/v2\/pages\/8","targetHints":{"allow":["GET"]}}],"collection":[{"href":"http:\/\/www.fabrikaambalaj.com\/tr\/wp-json\/wp\/v2\/pages"}],"about":[{"href":"http:\/\/www.fabrikaambalaj.com\/tr\/wp-json\/wp\/v2\/types\/page"}],"author":[{"embeddable":true,"href":"http:\/\/www.fabrikaambalaj.com\/tr\/wp-json\/wp\/v2\/users\/1"}],"replies":[{"embeddable":true,"href":"http:\/\/www.fabrikaambalaj.com\/tr\/wp-json\/wp\/v2\/comments?post=8"}],"version-history":[{"count":16,"href":"http:\/\/www.fabrikaambalaj.com\/tr\/wp-json\/wp\/v2\/pages\/8\/revisions"}],"predecessor-version":[{"id":747,"href":"http:\/\/www.fabrikaambalaj.com\/tr\/wp-json\/wp\/v2\/pages\/8\/revisions\/747"}],"wp:attachment":[{"href":"http:\/\/www.fabrikaambalaj.com\/tr\/wp-json\/wp\/v2\/media?parent=8"}],"curies":[{"name":"wp","href":"https:\/\/api.w.org\/{rel}","templated":true}]}}